{"id":274,"date":"2017-11-16T17:46:53","date_gmt":"2017-11-16T16:46:53","guid":{"rendered":"http:\/\/128.0.0.249\/?page_id=274"},"modified":"2018-01-18T10:20:44","modified_gmt":"2018-01-18T09:20:44","slug":"contabilita-su-file-2","status":"publish","type":"page","link":"https:\/\/www.contal.it\/index.php\/contabilita-su-file-2\/","title":{"rendered":"Contabilit\u00e0 su file"},"content":{"rendered":"<h2>Contabilit\u00e0 su file<\/h2>\n<p><\/p>\n<div id =\"#container\" style = \"min-height:380px\">\n<p>\nElenco files scaricabili:<\/p>\n<ul>\n<li>\n <a href = \"..\/..\/contabilita\/Contabilit\u00e0.zip\">File excel contabilit\u00e0<\/a>\n<\/li>\n<li>\n<a download href = \"..\/..\/contabilita\/AccessDatabaseEngineX32.zip\">Supporto alla contabilit\u00e0: libreria access 32bit<\/a>\n<\/li>\n<li>\n<a download href = \"..\/..\/contabilita\/AccessDatabaseEngineX64.zip\">Supporto alla contabilit\u00e0: libreria access 64bit<\/a>\n<\/li>\n<\/ul>\n<\/div>\n","protected":false},"excerpt":{"rendered":"<p>Contabilit\u00e0 su file Elenco files scaricabili: File excel contabilit\u00e0 Supporto alla contabilit\u00e0: libreria access 32bit Supporto alla contabilit\u00e0: libreria access 64bit<\/p>\n","protected":false},"author":1,"featured_media":0,"parent":0,"menu_order":9,"comment_status":"closed","ping_status":"closed","template":"","meta":{"_links_to":"","_links_to_target":""},"categories":[],"tags":[],"_links":{"self":[{"href":"https:\/\/www.contal.it\/index.php\/wp-json\/wp\/v2\/pages\/274"}],"collection":[{"href":"https:\/\/www.contal.it\/index.php\/wp-json\/wp\/v2\/pages"}],"about":[{"href":"https:\/\/www.contal.it\/index.php\/wp-json\/wp\/v2\/types\/page"}],"author":[{"embeddable":true,"href":"https:\/\/www.contal.it\/index.php\/wp-json\/wp\/v2\/users\/1"}],"replies":[{"embeddable":true,"href":"https:\/\/www.contal.it\/index.php\/wp-json\/wp\/v2\/comments?post=274"}],"version-history":[{"count":11,"href":"https:\/\/www.contal.it\/index.php\/wp-json\/wp\/v2\/pages\/274\/revisions"}],"predecessor-version":[{"id":1941,"href":"https:\/\/www.contal.it\/index.php\/wp-json\/wp\/v2\/pages\/274\/revisions\/1941"}],"wp:attachment":[{"href":"https:\/\/www.contal.it\/index.php\/wp-json\/wp\/v2\/media?parent=274"}],"wp:term":[{"taxonomy":"category","embeddable":true,"href":"https:\/\/www.contal.it\/index.php\/wp-json\/wp\/v2\/categories?post=274"},{"taxonomy":"post_tag","embeddable":true,"href":"https:\/\/www.contal.it\/index.php\/wp-json\/wp\/v2\/tags?post=274"}],"curies":[{"name":"wp","href":"https:\/\/api.w.org\/{rel}","templated":true}]}}