{"id":172,"date":"2017-11-15T16:07:41","date_gmt":"2017-11-15T15:07:41","guid":{"rendered":"http:\/\/128.0.0.249\/wordpressTest\/?page_id=172"},"modified":"2023-04-24T17:11:32","modified_gmt":"2023-04-24T15:11:32","slug":"modulistica-utile-elenco-dei-documenti","status":"publish","type":"page","link":"https:\/\/www.contal.it\/index.php\/modulistica-utile-elenco-dei-documenti\/","title":{"rendered":"Modulistica utile"},"content":{"rendered":"<h2>Modulistica utile:<\/h2>\n<ul><li><a download href = \"..\/..\/documenti\/Autocertificazione figli a carico L. 207 2024 co.391.docx\">Autocertificazione figli a carico L. 207 2024 co.391.docx<\/a><\/li><li><a download href = \"..\/..\/documenti\/Autocertificazione figli a carico e rimborso bollette L. 207 2024 co 391.docx\">Autocertificazione figli a carico e rimborso bollette L. 207 2024 co 391.docx<\/a><\/li><li><a download href = \"..\/..\/documenti\/Check list visita ispettiva.pdf\">Check list visita ispettiva.pdf<\/a><\/li><li><a download href = \"..\/..\/documenti\/Dichiarazione assenza condanne penali.doc\">Dichiarazione assenza condanne penali.doc<\/a><\/li><li><a download href = \"..\/..\/documenti\/Lettera di miglioramento economico.doc\">Lettera di miglioramento economico.doc<\/a><\/li><li><a download href = \"..\/..\/documenti\/Modello 3bis Certificato Penale.pdf\">Modello 3bis Certificato Penale.pdf<\/a><\/li><li><a download href = \"..\/..\/documenti\/Modello destinazione TFR.doc\">Modello destinazione TFR.doc<\/a><\/li><li><a download href = \"..\/..\/documenti\/Modello detrazioni.pdf\">Modello detrazioni.pdf<\/a><\/li><li><a download href = \"..\/..\/documenti\/Modello di Domanda A1 PDA1.pdf\">Modello di Domanda A1 PDA1.pdf<\/a><\/li><li><a download href = \"..\/..\/documenti\/Modello di comunicazione lavoro a chiamata.pdf\">Modello di comunicazione lavoro a chiamata.pdf<\/a><\/li><li><a download href = \"..\/..\/documenti\/Modello per il Trattamento Integrativo dei Redditi (TIR).pdf\">Modello per il Trattamento Integrativo dei Redditi (TIR).pdf<\/a><\/li><li><a download href = \"..\/..\/documenti\/Modello per la valutazione dei rischi standard - istruzioni.pdf\">Modello per la valutazione dei rischi standard - istruzioni.pdf<\/a><\/li><li><a download href = \"..\/..\/documenti\/Modello per la valutazione dei rischi.pdf\">Modello per la valutazione dei rischi.pdf<\/a><\/li><li><a download href = \"..\/..\/documenti\/Modello per segnalazione lavoratrice in gravidanza addetta a mansioni a rischio a cura del datore di lavoro.pdf\">Modello per segnalazione lavoratrice in gravidanza addetta a mansioni a rischio a cura del datore di lavoro.pdf<\/a><\/li><li><a download href = \"..\/..\/documenti\/Modello richiesta certificato penale al tribunale.pdf\">Modello richiesta certificato penale al tribunale.pdf<\/a><\/li><li><a download href = \"..\/..\/documenti\/Modello richiesta trasferte rimborso chilometrico.xls\">Modello richiesta trasferte rimborso chilometrico.xls<\/a><\/li><li><a download href = \"..\/..\/documenti\/Modello richiesta trasferte.xlsx\">Modello richiesta trasferte.xlsx<\/a><\/li><li><a download href = \"..\/..\/documenti\/Modulo istanza di autorizzazione all'installazione di impianti audiovisivi.pdf\">Modulo istanza di autorizzazione all'installazione di impianti audiovisivi.pdf<\/a><\/li><li><a download href = \"..\/..\/documenti\/ProgrammaDiCalcoloTurniDiLavoro.zip\">ProgrammaDiCalcoloTurniDiLavoro.zip<\/a><\/li><li><a download href = \"..\/..\/documenti\/Richiesta fruizione permessi orari retribuiti L106.docx\">Richiesta fruizione permessi orari retribuiti L106.docx<\/a><\/li><li><a download href = \"..\/..\/documenti\/Richiesta fruizione permessi orari retribuiti per figlio minorenne L106.docx\">Richiesta fruizione permessi orari retribuiti per figlio minorenne L106.docx<\/a><\/li><\/ul>\n<h2>Contabilit\u00e0 su file<\/h2>\n<div id=\"#container\">\n<p>Elenco files scaricabili:<\/p>\n<ul>\n<li><a href=\"..\/..\/contabilita\/Contabilit\u00e0.zip\">File excel contabilit\u00e0<\/a><\/li>\n<li><a href=\"..\/..\/contabilita\/AccessDatabaseEngineX32.zip\" download=\"\">Supporto alla contabilit\u00e0: libreria access 32bit<\/a><\/li>\n<li><a href=\"..\/..\/contabilita\/AccessDatabaseEngineX64.zip\" download=\"\">Supporto alla contabilit\u00e0: libreria access 64bit<\/a><\/li>\n<\/ul>\n<\/div>\n","protected":false},"excerpt":{"rendered":"<p>Modulistica utile: Contabilit\u00e0 su file Elenco files scaricabili: File excel contabilit\u00e0 Supporto alla contabilit\u00e0: libreria access 32bit Supporto alla contabilit\u00e0: libreria access 64bit<\/p>\n","protected":false},"author":1,"featured_media":0,"parent":0,"menu_order":8,"comment_status":"closed","ping_status":"closed","template":"","meta":{"_links_to":"","_links_to_target":""},"categories":[1],"tags":[],"_links":{"self":[{"href":"https:\/\/www.contal.it\/index.php\/wp-json\/wp\/v2\/pages\/172"}],"collection":[{"href":"https:\/\/www.contal.it\/index.php\/wp-json\/wp\/v2\/pages"}],"about":[{"href":"https:\/\/www.contal.it\/index.php\/wp-json\/wp\/v2\/types\/page"}],"author":[{"embeddable":true,"href":"https:\/\/www.contal.it\/index.php\/wp-json\/wp\/v2\/users\/1"}],"replies":[{"embeddable":true,"href":"https:\/\/www.contal.it\/index.php\/wp-json\/wp\/v2\/comments?post=172"}],"version-history":[{"count":96,"href":"https:\/\/www.contal.it\/index.php\/wp-json\/wp\/v2\/pages\/172\/revisions"}],"predecessor-version":[{"id":21845,"href":"https:\/\/www.contal.it\/index.php\/wp-json\/wp\/v2\/pages\/172\/revisions\/21845"}],"wp:attachment":[{"href":"https:\/\/www.contal.it\/index.php\/wp-json\/wp\/v2\/media?parent=172"}],"wp:term":[{"taxonomy":"category","embeddable":true,"href":"https:\/\/www.contal.it\/index.php\/wp-json\/wp\/v2\/categories?post=172"},{"taxonomy":"post_tag","embeddable":true,"href":"https:\/\/www.contal.it\/index.php\/wp-json\/wp\/v2\/tags?post=172"}],"curies":[{"name":"wp","href":"https:\/\/api.w.org\/{rel}","templated":true}]}}